{"id":3625,"date":"2019-12-11T16:48:10","date_gmt":"2019-12-11T15:48:10","guid":{"rendered":"https:\/\/kisio.com\/?page_id=3625"},"modified":"2021-06-18T11:13:31","modified_gmt":"2021-06-18T09:13:31","slug":"maas","status":"publish","type":"page","link":"https:\/\/kisio.com\/en\/maas\/","title":{"rendered":"MaaS"},"content":{"rendered":"\n    <style>\n        \n        @media screen and (min-width:1440px)  {\n            .header__illustration_69df312ee94c7 img, .header__illustration_69df312ee94c7 svg, .header__illustration_69df312ee94c7 picture {\n            width: 500px; \n  top: 75px; right: 0px;            }\n        }\n\n        \n        @media screen and (min-width:1301px) and (max-width:1440px) {\n            .header__illustration_69df312ee94c7 img, .header__illustration_69df312ee94c7 svg, .header__illustration_69df312ee94c7 picture {\n            width: 500px; \n  top: 75px; right: 0px;            }\n        }\n\n        \n        @media screen and (min-width:1199.9px) and (max-width:1300px) {\n            .header__illustration_69df312ee94c7 img, .header__illustration_69df312ee94c7 svg, .header__illustration_69df312ee94c7 picture {\n            width: 500px; \n  top: 75px; right: 0px;            }\n        }\n\n        \n        @media screen and (min-width:991.9px) and (max-width:1199.9px) {\n            .header__illustration_69df312ee94c7 img, .header__illustration_69df312ee94c7 svg, .header__illustration_69df312ee94c7 picture {\n            width: 450px; \n  top: 75px; right: -50px;            }\n        }\n\n            <\/style>\n\n    <div id=\"\" class=\"header header__simple bg-grey\">\n        <div class=\"container h-100 position-relative\">\n            <div class=\"row h-100\">\n                <div\n                    class=\"col-lg-6 d-flex flex-column justify-content-center align-items-start position-relative header__body\">\n                    <div class=\"row\">\n                        <div class=\"col-12\">\n                            <div class=\" color-primary-blue strong-secondary-blue w-100 header__title\">\n                                <h1>Adopt an open <strong>Mobility as a Service<\/strong> model<\/h1>\n                            <\/div>\n                        <\/div>\n\n                        <div class=\"col-xl-10\">\n                                                            <div class=\"color-primary-blue w-100 header__chapo\">\n                                    <div id=\"KnM9nf\">\n<div id=\"tw-target\">\n<div id=\"kAz1tf\" class=\"g9WsWb\">\n<div id=\"tw-target-text-container\" class=\"tw-ta-container tw-nfl\">\n<h4 id=\"tw-target-text\" class=\"tw-data-text tw-text-large tw-ta\" dir=\"ltr\" data-placeholder=\"Traduction\">Between traffic jams, environmental pollution and the car culture, how can people be encouraged to change how they travel?<\/h4>\n<\/div>\n<\/div>\n<\/div>\n<\/div>\n                                <\/div>\n                                                                                        <div class=\"color-dark-grey lh-24 w-100 header__text\">\n                                    <p id=\"tw-target-text\" dir=\"ltr\" data-placeholder=\"Traduction\"><span lang=\"fr\" tabindex=\"0\">Besides technology and applications, Mobility As A Service (MAAS) is an innovative mobility approach which makes life easier for passengers.<br \/>\nThe increase in public\/private modes of regional transport, the wide range of transport tickets, and problems generated by solo driving can all be dealt with via MAAS, and its services.<br \/>\nThe first step is to give passengers a clear overview of the range of mobility services on offer in their region. And, at Kisio, we go one step further in providing a customized service, and human support, which includes all public transport and shared mobility solutions.<\/span><\/p>\n                                <\/div>\n                                                                                <\/div>\n                    <\/div>\n                <\/div>\n                                    <div class=\"col-lg-6\">\n                        <div class=\"header__illustration_69df312ee94c7 position-relative d-flex align-items-center\">\n                            <img class=\"d-none d-lg-block style-svg position-absolute\" data-no-lazy=\"1\"\n                                 src=\"https:\/\/kisio.com\/uploads\/2019\/09\/photo-1524775906432-f594cea0a926.jpg\"\n                                 alt=\"\">\n                        <\/div>\n                    <\/div>\n                            <\/div>\n        <\/div>\n    <\/div>\n\n\n\n    <section class=\"headline py-5 bg-white\" id=\"\">\n        <div class=\"container text-center\">\n                            <div class=\"mb-4 fs-h1 color-primary-blue d-none d-lg-block strong-secondary-blue\"><h2>The keys to a<br \/>\n<strong>successful transformation<\/strong><\/h2>\n<\/div>\n                <div\n                    class=\"mb-4 fs-h1 color-primary-blue d-lg-none strong-secondary-blue\"><h2>The keys to a\n<strong>successful transformation<\/strong><\/h2>\n<\/div>\n                                        <div class=\"color-primary-blue mb-4\">\n                    <h6>How can I start up a MAAS program for my city? How can we compete with privately-owned<br \/>\ncars and improve the travel experience?<\/h6>\n<h6>\nHow can we combine public and private transport offers?<\/h6>\n                <\/div>\n                                <\/div>\n    <\/section>\n\n\n\n    <section class=\"detailed-response-block bg-white py-5\" id=\"\">\n        <div class=\"container\">\n            <div class=\"row flex-sm-row-reverse justify-content-between\">\n                <div class=\"col-lg-6 detailed-response__data  mb-4\">\n                                                                <div class=\"color-dark-grey link-secondary-blue strong-secondary-blue\"><p><strong>1. Analyze the local context<\/strong><\/p>\n<p>The first phase of the transformation is to understand the city&#8217;s objectives and mobility ecosystem, identify local partners and target regional passenger expectations.<\/p>\n<p><strong>2. Define and roll out a panel of services<\/strong><br \/>\nOnce the position and strategy have been defined, collaboration between the chosen actors and the deployed strategy become the cornerstones of the MAAS program, which offers a successful travel experience.<\/p>\n<p><strong>3. Steering the program<\/strong><br \/>\nBehavior analysis and monitoring confirm if your solution has been adopted and if your objectives have been met.<\/p>\n<\/div>\n                                    <\/div>\n                <div\n                    class=\"col-lg-5 detailed-response__image position-relative \">\n                    <div class=\"row\">\n                        <div class=\"col-12\">\n                                                            <div>\n                                    <div class=\"position-relative\">\n                                        <img src=\"https:\/\/kisio.com\/uploads\/2019\/09\/photo-1465343161283-c1959138ddaa.jpg\" class=\"w-100 rounded-lg\" alt=\"\">\n<!--                                        <img class=\"--><!-- d-none d-xl-block position-absolute\"-->\n<!--                                             src=\"--><!--\"-->\n<!--                                             alt=\"Pictogramme\">-->\n                                    <\/div>\n                                <\/div>\n                                                                                                            <\/div>\n                    <\/div>\n\n                <\/div>\n            <\/div>\n        <\/div>\n    <\/section>\n\n\n\n\n<div style=\"height:70px\" aria-hidden=\"true\" class=\"wp-block-spacer\"><\/div>\n\n\n\n<p><\/p>\n\n\n\n    <section class=\"headline py-5 bg-white\" id=\"\">\n        <div class=\"container text-center\">\n                            <div class=\"mb-4 fs-h1 color-primary-blue d-none d-lg-block strong-secondary-blue\"><h2>Kisio&#8217;s <strong>MaaS<\/strong><\/h2>\n<\/div>\n                <div\n                    class=\"mb-4 fs-h1 color-primary-blue d-lg-none strong-secondary-blue\"><h2>Kisio&#8217;s <strong>MaaS<\/strong><\/h2>\n<\/div>\n                                                    <div class=\"color-dark-grey lh-24 d-none d-lg-block\">\n                    <p>Kisio has been a trusted Public Transport Authority, and transport operator<br \/>\npartner in France and overseas for over 20 years.\u00a0We help numerous cities<br \/>\nto switch to MAAS through customized solutions per region.<\/p>\n                <\/div>\n                <div class=\"color-dark-grey lh-24 d-lg-none\">\n                    <p>Kisio has been a trusted Public Transport Authority, and transport operator\npartner in France and overseas for over 20 years.\u00a0We help numerous cities\nto switch to MAAS through customized solutions per region.<\/p>\n                <\/div>\n                    <\/div>\n    <\/section>\n\n\n\n    <div class=\"block-expertises-kisio position-relative bg-white\">\n        <div class=\"container\">\n            <div id=\"glide__expertise-69df312eeeb2e\" class=\"glide__expertise position-relative\">\n                <div class=\"glide__track\" data-glide-el=\"track\">\n                    <div class=\"glide__slides d-flex flex-row\">\n                                                    <div class=\"glide__slide px-0 card--actu card__simple h-auto bg-white\">\n                                                                    <div class=\"card__image\"\n                                         style=\"background: url(https:\/\/kisio.com\/uploads\/2019\/10\/maas_donnees-1.png) no-repeat center \/ cover ;\">\n                                    <\/div>\n                                                                <div class=\"p-4\">\n                                    <div class=\"d-flex flex-row justify-content-between align-items-center mb-5\">\n                                        <h4 class=\"color-primary-blue font-weight-bold mb-0\">Data for MaaS<\/h4>\n                                                                            <\/div>\n                                    <div class=\"color-dark-grey\">\n                                        <p>Algorithms are essential to mobility planning. MAAS is designed to facilitate intermodality between different modes of transport and offers a larger choice of transport modes, routes and services. The rise in transport choices will create increasingly less predictable passenger behavior. Kisio&#8217;s first GPS data analysis confirms the vast potential to understand and shape tomorrow&#8217;s mobility.<\/p>\n<p>Similarly, modeling transit areas in a standardized data format will enable route planners to refine navigation information in stations and thus improve the passenger experience, according to their needs.<\/p>\n                                    <\/div>\n                                                                    <\/div>\n                            <\/div>\n                                                    <div class=\"glide__slide px-0 card--actu card__simple h-auto bg-white\">\n                                                                    <div class=\"card__image\"\n                                         style=\"background: url(https:\/\/kisio.com\/uploads\/2019\/09\/Capture3.png) no-repeat center \/ cover ;\">\n                                    <\/div>\n                                                                <div class=\"p-4\">\n                                    <div class=\"d-flex flex-row justify-content-between align-items-center mb-5\">\n                                        <h4 class=\"color-primary-blue font-weight-bold mb-0\">Navitia Mobility Platfrom<\/h4>\n                                                                            <\/div>\n                                    <div class=\"color-dark-grey\">\n                                        <div id=\"tw-target-text-container\" class=\"tw-ta-container tw-nfl\">\n<p>Kisio&#8217;s &#8220;Navitia Mobility Platform&#8221; conceals the complexity of integrating various technologies and infrastructures to offer the best travel experience.<\/p>\n<p>The platform was specifically devised to meet Public Transport Authority and transport operator needs through:<\/p>\n<ul>\n<li>Providing scalable and customized strategies and offers<\/li>\n<li>A service-independent and open architecture to encourage interconnections with third-party systems<\/li>\n<li>Analytics to improve how you understand your passengers&#8217; behavior<\/li>\n<\/ul>\n<p>Offer your passengers a simple route planner, purchasing and payment solution!<\/p>\n<\/div>\n                                    <\/div>\n                                                                    <\/div>\n                            <\/div>\n                                                    <div class=\"glide__slide px-0 card--actu card__simple h-auto bg-white\">\n                                                                    <div class=\"card__image\"\n                                         style=\"background: url(https:\/\/kisio.com\/uploads\/2019\/08\/poles_echanges-1.jpg) no-repeat center \/ cover ;\">\n                                    <\/div>\n                                                                <div class=\"p-4\">\n                                    <div class=\"d-flex flex-row justify-content-between align-items-center mb-5\">\n                                        <h4 class=\"color-primary-blue font-weight-bold mb-0\">Service transformation<\/h4>\n                                                                            <\/div>\n                                    <div class=\"color-dark-grey\">\n                                        <p>MAAS is a comprehensive experience which combines technologies and services which cover the entire trip.<\/p>\n<p>All trip stages must be customized and adapted to each passenger profile. We guarantee this through:<\/p>\n<ul>\n<li>Coordinating regional public\/private stakeholders to provide the best transport offer<\/li>\n<li>Providing operators with consistent services<\/li>\n<li>In-station human contact points, by telephone or on social networks<\/li>\n<\/ul>\n<p>An essential range of passenger services through which Public Transport Authorities and transport operators can develop a privileged relationship with their passengers.<\/p>\n                                    <\/div>\n                                                                    <\/div>\n                            <\/div>\n                                                    <div class=\"glide__slide px-0 card--actu card__simple h-auto bg-white\">\n                                                                    <div class=\"card__image\"\n                                         style=\"background: url(https:\/\/kisio.com\/uploads\/2019\/09\/2018.01.25-13.39.41.png) no-repeat center \/ cover ;\">\n                                    <\/div>\n                                                                <div class=\"p-4\">\n                                    <div class=\"d-flex flex-row justify-content-between align-items-center mb-5\">\n                                        <h4 class=\"color-primary-blue font-weight-bold mb-0\">Our partnerships<\/h4>\n                                                                            <\/div>\n                                    <div class=\"color-dark-grey\">\n                                        <p>Mastercard improves travel throughout the world by collaborating with over 150 international cities. The Kisio-Mastercard partnership combines Mastercard&#8217;s payment and security technologies with our route planner and fare calculation platform to create mobile solutions for all.<\/p>\n<p>Kisio recently joined City Possible, a Mastercard initiative to encourage new types of partnerships for increasingly inclusive and sustainable cities.<\/p>\n<p>Together, we are ready to meet the next mobility challenge by jointly creating &#8220;Mobility As A Service&#8221; options.<\/p>\n                                    <\/div>\n                                                                    <\/div>\n                            <\/div>\n                                            <\/div>\n                <\/div>\n                <div class=\"glide__bullets\" data-glide-el=\"controls\">\n                                            <button class=\"glide__bullet bg-primary-blue\"\n                                aria-label=\"Glide Bullet 0\"\n                                data-glide-dir=\"=0\"><\/button>\n                                                <button class=\"glide__bullet bg-primary-blue\"\n                                aria-label=\"Glide Bullet 1\"\n                                data-glide-dir=\"=1\"><\/button>\n                                                <button class=\"glide__bullet bg-primary-blue\"\n                                aria-label=\"Glide Bullet 2\"\n                                data-glide-dir=\"=2\"><\/button>\n                                                <button class=\"glide__bullet bg-primary-blue\"\n                                aria-label=\"Glide Bullet 3\"\n                                data-glide-dir=\"=3\"><\/button>\n                                        <\/div>\n            <\/div>\n        <\/div>\n    <\/div>\n\n    <script type=\"text\/javascript\">\n        window.addEventListener(\"DOMContentLoaded\", function (e) {\n            const activeClass = \"bullet__active\";\n            const id = \"#glide__expertise-69df312eeeb2e\";\n\n            const glide = new Glide(id, {\n                type: 'carousel',\n                startAt: 0,\n                perView: 3,\n                autoplay: 5000,\n                gap: 15,\n                focusAt: 'center',\n                breakpoints: {\n                    600: {\n                        perView: 1\n                    },\n                    800: {\n                        perView: 1\n                    },\n                    1024: {\n                        perView: 2\n                    }\n                }\n            });\n\n            glide.on(\"mount.before\", function () {\n                let first = document.querySelectorAll(id + \" [data-glide-dir]\")[0];\n                first.classList.add(activeClass);\n            });\n\n            glide.on(\"run\", function () {\n                const currentItemIndex = \"=\" + glide.index;\n                const active = document.querySelector(id + \" .\" + activeClass);\n                active.classList.remove(activeClass);\n\n                const element = document.querySelector(\"[data-glide-dir='\" + currentItemIndex + \"']\");\n                element.classList.add(activeClass);\n            });\n\n            glide.mount();\n        });\n    <\/script>\n\n\n\n\n<div style=\"height:80px\" aria-hidden=\"true\" class=\"wp-block-spacer\"><\/div>\n\n\n\n    <section id=\"block-contact-form\" class=\"block-contact-form position-relative\">\n        <div class=\"py-md-5\"\n             style=\"background-image: url(https:\/\/kisio.com\/themes\/kisio\/assets\/images\/motif_cf.png); background-repeat: no-repeat; background-position: center center\">\n            <div class=\"container py-5\">\n                <div class=\"row\">\n                    <div class=\"col-lg-4 d-flex flex-column justify-content-center\">\n                        <div class=\"color-white strong-secondary-blue mb-3\"><h2 class=\"p1\"><span class=\"s1\">Prendre <strong>contact<\/strong> avec nos experts<\/span><\/h2>\n<\/div>\n                        <p class=\"color-light-grey fs-primary-p\">Laissez-nous vos coordonn\u00e9es, nos \u00e9quipes vous contacteront  pour r\u00e9pondre \u00e0 vos questions et discuter de vos diff\u00e9rents projets.  <\/p>\n                    <\/div>\n                    <div class=\"col-lg-8 d-flex align-items-center\">\n                                                    \n<div class=\"wpcf7 no-js\" id=\"wpcf7-f283-o1\" lang=\"fr-FR\" dir=\"ltr\">\n<div class=\"screen-reader-response\"><p role=\"status\" aria-live=\"polite\" aria-atomic=\"true\"><\/p> <ul><\/ul><\/div>\n<form action=\"\/en\/wp-json\/wp\/v2\/pages\/3625#wpcf7-f283-o1\" method=\"post\" class=\"wpcf7-form init\" aria-label=\"Contact form\" novalidate=\"novalidate\" data-status=\"init\">\n<div style=\"display: none;\">\n<input type=\"hidden\" name=\"_wpcf7\" value=\"283\" \/>\n<input type=\"hidden\" name=\"_wpcf7_version\" value=\"5.7.5.1\" \/>\n<input type=\"hidden\" name=\"_wpcf7_locale\" value=\"fr_FR\" \/>\n<input type=\"hidden\" name=\"_wpcf7_unit_tag\" value=\"wpcf7-f283-o1\" \/>\n<input type=\"hidden\" name=\"_wpcf7_container_post\" value=\"0\" \/>\n<input type=\"hidden\" name=\"_wpcf7_posted_data_hash\" value=\"\" \/>\n<input type=\"hidden\" name=\"_wpcf7_recaptcha_response\" value=\"\" \/>\n<\/div>\n<div class=\"row form__inputs\">\n\n    <div class=\"col-md-9\">\n        <div class=\"row\">\n\n            <div class=\"col-md-6\">\n                <div class=\"input__wrapper mb-3 mb-md-0\">\n                    <div class=\"input--form\"><\/div>\n                        <input size=\"40\" class=\"wpcf7-form-control wpcf7-text wpcf7-validates-as-required\" aria-required=\"true\" aria-invalid=\"false\" value=\"\" type=\"text\" name=\"your-name\" \/>\n                    <span class=\"input__placeholder\">Nom et pr\u00e9nom*<\/span>\n                    <span class=\"error--name\"><\/span>\n                <\/div>\n            <\/div>\n\n            <div class=\"col-md-6\">\n                <div class=\"input__wrapper mb-3 mb-md-0\">\n                    <div class=\"input--form\"><\/div>\n                        <input size=\"40\" class=\"wpcf7-form-control wpcf7-text wpcf7-email wpcf7-validates-as-required wpcf7-validates-as-email\" aria-required=\"true\" aria-invalid=\"false\" value=\"\" type=\"email\" name=\"your-email\" \/>\n                    <span class=\"input__placeholder\">E-mail*<\/span>\n                    <div class=\"error--email\">\n                        <span class=\"error--email__text\">L&#8217;E-mail saisi n&#8217;est pas valide.<\/span>\n                        <span class=\"error--email__icon\">!<\/span>\n                    <\/div>\n                <\/div>\n            <\/div>\n\n            <div class=\"col-12 c__lightgrey color-white mt-4\">\n                Les informations recueillies \u00e0 partir de ce formulaire sont transmises aux services concern\u00e9s pour la gestion de votre demande. <a target=\"_blank\" class=\"color-secondary-blue color-secondary-blue-hover link--hover text-decoration-none\" href=\"http:\/\/kisio.com\/conditions-generales-d-utilisation\/\" title=\"Conditions g\u00e9n\u00e9rales d'utilisation\" aria-label=\"Conditions g\u00e9n\u00e9rales d'utilisation\">En savoir plus sur la gestion de donnees de vos droits<\/a>\n                \n            <\/div>\n\n            <div class=\"d-none\">\n                <input size=\"40\" class=\"wpcf7-form-control wpcf7-text wpcf7-email wpcf7-validates-as-required wpcf7-validates-as-email\" aria-required=\"true\" aria-invalid=\"false\" value=\"\" type=\"email\" name=\"destination-email\" \/>\n                <input size=\"40\" class=\"wpcf7-form-control wpcf7-text wpcf7-validates-as-required\" aria-required=\"true\" aria-invalid=\"false\" value=\"MaaS\" type=\"text\" name=\"origin\" \/>\n            <\/div>\n\n        <\/div>\n    <\/div>\n\n    <div class=\"col-md-3 mt-3 mt-md-0\">\n        <input class=\"wpcf7-form-control has-spinner wpcf7-submit\" type=\"submit\" value=\"CONTACTEZ-MOI\" \/>\n    <\/div>\n<\/div><div class=\"wpcf7-response-output\" aria-hidden=\"true\"><\/div>\n<\/form>\n<\/div>\n\n                                            <\/div>\n                <\/div>\n            <\/div>\n        <\/div>\n    <\/section>\n\n    <script type=\"text\/javascript\">\n        Array.from(document.getElementsByClassName('wpcf7-text')).map(function (element) {\n            element.setAttribute(\"required\", \"\")\n        });\n    <\/script>\n\n","protected":false},"excerpt":{"rendered":"","protected":false},"author":20,"featured_media":0,"parent":0,"menu_order":0,"comment_status":"closed","ping_status":"closed","template":"","meta":{"content-type":"","om_disable_all_campaigns":false,"_monsterinsights_skip_tracking":false,"_monsterinsights_sitenote_active":false,"_monsterinsights_sitenote_note":"","_monsterinsights_sitenote_category":0},"acf":[],"aioseo_notices":[],"_links":{"self":[{"href":"https:\/\/kisio.com\/en\/wp-json\/wp\/v2\/pages\/3625"}],"collection":[{"href":"https:\/\/kisio.com\/en\/wp-json\/wp\/v2\/pages"}],"about":[{"href":"https:\/\/kisio.com\/en\/wp-json\/wp\/v2\/types\/page"}],"author":[{"embeddable":true,"href":"https:\/\/kisio.com\/en\/wp-json\/wp\/v2\/users\/20"}],"replies":[{"embeddable":true,"href":"https:\/\/kisio.com\/en\/wp-json\/wp\/v2\/comments?post=3625"}],"version-history":[{"count":2,"href":"https:\/\/kisio.com\/en\/wp-json\/wp\/v2\/pages\/3625\/revisions"}],"predecessor-version":[{"id":3637,"href":"https:\/\/kisio.com\/en\/wp-json\/wp\/v2\/pages\/3625\/revisions\/3637"}],"wp:attachment":[{"href":"https:\/\/kisio.com\/en\/wp-json\/wp\/v2\/media?parent=3625"}],"curies":[{"name":"wp","href":"https:\/\/api.w.org\/{rel}","templated":true}]}}